{"id":45,"date":"2012-01-24T21:01:20","date_gmt":"2012-01-24T21:01:20","guid":{"rendered":"http:\/\/test.rete.cz\/oubr\/?page_id=45"},"modified":"2015-11-03T16:47:04","modified_gmt":"2015-11-03T16:47:04","slug":"vabax","status":"publish","type":"page","link":"https:\/\/the-oubr.cz\/?page_id=45","title":{"rendered":"Vabax"},"content":{"rendered":"<p>Vabax byla kapela kluk\u016f\u00a0z gymplu v letech 1983 &#8211; 1985.<\/p>\n<p>Obsazen\u00ed Vabaxu:\u00a0\u00a0Franta F. \u2013 kl\u00e1vesy, zp\u011bv; George \u2013 bic\u00ed, zp\u011bv;\u00a0B\u00e9\u0148a \u2013 basa, zp\u011bv; Jeff \u2013 s\u00f3lov\u00e1 kytara.<\/p>\n<p>Vabax hr\u00e1l, krom\u011b n\u011bkolika m\u00e1lo cover verz\u00ed, vlastn\u00ed sklady, z nich\u017e dnes existuje kompilace &#8211; n\u011bco jako Best of &#8211; viz obr\u00e1zek obalu.<\/p>\n<p><a href=\"http:\/\/the-oubr.cz\/wp-content\/uploads\/2012\/01\/Folder1.jpg\"><img loading=\"lazy\" decoding=\"async\" class=\"alignnone size-full wp-image-61\" title=\"Vabax folder\" src=\"http:\/\/the-oubr.cz\/wp-content\/uploads\/2012\/01\/Folder1.jpg\" alt=\"\" width=\"200\" height=\"200\" srcset=\"https:\/\/the-oubr.cz\/wp-content\/uploads\/2012\/01\/Folder1.jpg 200w, https:\/\/the-oubr.cz\/wp-content\/uploads\/2012\/01\/Folder1-150x150.jpg 150w\" sizes=\"auto, (max-width: 200px) 100vw, 200px\" \/><\/a><\/p>\n","protected":false},"excerpt":{"rendered":"<p>Vabax byla kapela kluk\u016f\u00a0z gymplu v letech 1983 &#8211; 1985. Obsazen\u00ed Vabaxu:\u00a0\u00a0Franta F. \u2013 kl\u00e1vesy, zp\u011bv; George \u2013 bic\u00ed, zp\u011bv;\u00a0B\u00e9\u0148a \u2013 basa, zp\u011bv; Jeff \u2013 s\u00f3lov\u00e1 kytara. Vabax hr\u00e1l, krom\u011b n\u011bkolika m\u00e1lo cover verz\u00ed, vlastn\u00ed sklady, z nich\u017e dnes existuje &hellip; <a href=\"https:\/\/the-oubr.cz\/?page_id=45\">Cel\u00fd p\u0159\u00edsp\u011bvek <span class=\"meta-nav\">&rarr;<\/span><\/a><\/p>\n","protected":false},"author":1,"featured_media":0,"parent":0,"menu_order":4,"comment_status":"closed","ping_status":"open","template":"","meta":{"footnotes":""},"class_list":["post-45","page","type-page","status-publish","hentry"],"_links":{"self":[{"href":"https:\/\/the-oubr.cz\/index.php?rest_route=\/wp\/v2\/pages\/45","targetHints":{"allow":["GET"]}}],"collection":[{"href":"https:\/\/the-oubr.cz\/index.php?rest_route=\/wp\/v2\/pages"}],"about":[{"href":"https:\/\/the-oubr.cz\/index.php?rest_route=\/wp\/v2\/types\/page"}],"author":[{"embeddable":true,"href":"https:\/\/the-oubr.cz\/index.php?rest_route=\/wp\/v2\/users\/1"}],"replies":[{"embeddable":true,"href":"https:\/\/the-oubr.cz\/index.php?rest_route=%2Fwp%2Fv2%2Fcomments&post=45"}],"version-history":[{"count":13,"href":"https:\/\/the-oubr.cz\/index.php?rest_route=\/wp\/v2\/pages\/45\/revisions"}],"predecessor-version":[{"id":647,"href":"https:\/\/the-oubr.cz\/index.php?rest_route=\/wp\/v2\/pages\/45\/revisions\/647"}],"wp:attachment":[{"href":"https:\/\/the-oubr.cz\/index.php?rest_route=%2Fwp%2Fv2%2Fmedia&parent=45"}],"curies":[{"name":"wp","href":"https:\/\/api.w.org\/{rel}","templated":true}]}}