{"id":2,"date":"2012-01-18T15:59:15","date_gmt":"2012-01-18T15:59:15","guid":{"rendered":"http:\/\/test.rete.cz\/oubr\/?page_id=2"},"modified":"2024-04-04T12:06:07","modified_gmt":"2024-04-04T12:06:07","slug":"zkusebni-stranka","status":"publish","type":"page","link":"https:\/\/the-oubr.cz\/?page_id=2","title":{"rendered":"Info o kapele a \u010dlenov\u00e9"},"content":{"rendered":"<p>The OUBR \u2013 tedy Oldies Unplugged Band Revival je dobrovoln\u00e9 sdru\u017een\u00ed amat\u00e9rsk\u00fdch hudebn\u00edk\u016f, pro kter\u00e9 je hudba \u2013 muzika velk\u00fdm kon\u00ed\u010dkem.<\/p>\n<p>The OUBR, jak rozk\u00f3dovan\u00fd n\u00e1zev napov\u00edd\u00e1, hraje revivaly song\u016f, kter\u00e9 se jeho \u010dlen\u016fm l\u00edb\u00ed a to rozhodn\u011b nejen v Unplugged proveden\u00ed. Skladby, kter\u00e9 hrajeme jsou nej\u010dast\u011bji ve stylu Rocku, Rock and Rollu, BigBeatu anebo Blues, ale nejenom.<\/p>\n<p>OUBR lze tak\u00e9 \u010d\u00edst jako Obvykle \u00dapln\u011b Bezvadn\u00fd Relax &#8211; co\u017e bychom r\u00e1di, aby ti, co si n\u00e1s poslechnou, za\u017e\u00edvali na na\u0161ich\u00a0 vystoupen\u00edch.<\/p>\n<p>L\u00edb\u00ed se n\u00e1m hudba z doby &#8222;zlat\u00fdch \u0161edes\u00e1t\u00fdch&#8220; a na n\u00ed navazuj\u00edc\u00ed anebo podobn\u00e1 muzika (a to jak zahrani\u010dn\u00ed tak tuzemsk\u00e1), kter\u00e1 je hlavn\u00edm t\u00e9matem na\u0161eho sna\u017een\u00ed. Toto j\u00e1dro\u00a0dopl\u0148ujeme o dal\u0161\u00ed skladby, kter\u00e9\u00a0n\u00e1s zaujaly.\u00a0L\u00edb\u00ed se n\u00e1m pohoda\u00a0\u00e9ry hippies. Hrajeme ale songy \u010dasov\u011b za\u0159aditeln\u00e9 a\u017e do sou\u010dasnosti.<\/p>\n<p>Kapela hraje v obsazen\u00ed:<br \/>\nGeorge\u00a0&#8211; doprovodn\u00e9 kytary, zp\u011bv<br \/>\nJeff\u00a0&#8211; s\u00f3lov\u00e9 kytary, vok\u00e1ly<br \/>\nVenca &#8211; baskytara (od 2022), zp\u011bv; (d\u0159\u00edve harmonika, kytara, zp\u011bv)<br \/>\n\u00da\u010fa &#8211; bic\u00ed, fl\u00e9tna<\/p>\n<p>B\u00e9\u0148a (# 2022) &#8211; baskytara; Dne, 13.\u00fanora 2022, ode\u0161el spoluhr\u00e1\u010d, zakl\u00e1daj\u00edc\u00ed \u010dlen kapely, v\u00fdborn\u00fd muzikant, ale hlavn\u011b nenahraditeln\u00fd p\u0159\u00edtel a kamar\u00e1d Martin \u201eB\u00e9\u0148a\u201c Bene\u0161. Chyb\u00ed\u0161 n\u00e1m kamar\u00e1de!<a href=\"http:\/\/the-oubr.cz\/wp-content\/uploads\/2023\/02\/Bena_pieta1min-1-scaled.jpg\"><img loading=\"lazy\" decoding=\"async\" class=\"size-medium wp-image-2647 aligncenter\" src=\"http:\/\/the-oubr.cz\/wp-content\/uploads\/2023\/02\/Bena_pieta1min-1-241x300.jpg\" alt=\"\" width=\"241\" height=\"300\" srcset=\"https:\/\/the-oubr.cz\/wp-content\/uploads\/2023\/02\/Bena_pieta1min-1-241x300.jpg 241w, https:\/\/the-oubr.cz\/wp-content\/uploads\/2023\/02\/Bena_pieta1min-1-822x1024.jpg 822w, https:\/\/the-oubr.cz\/wp-content\/uploads\/2023\/02\/Bena_pieta1min-1-768x957.jpg 768w, https:\/\/the-oubr.cz\/wp-content\/uploads\/2023\/02\/Bena_pieta1min-1-1233x1536.jpg 1233w, https:\/\/the-oubr.cz\/wp-content\/uploads\/2023\/02\/Bena_pieta1min-1-1644x2048.jpg 1644w\" sizes=\"auto, (max-width: 241px) 100vw, 241px\" \/><\/a><\/p>\n","protected":false},"excerpt":{"rendered":"<p>The OUBR \u2013 tedy Oldies Unplugged Band Revival je dobrovoln\u00e9 sdru\u017een\u00ed amat\u00e9rsk\u00fdch hudebn\u00edk\u016f, pro kter\u00e9 je hudba \u2013 muzika velk\u00fdm kon\u00ed\u010dkem. The OUBR, jak rozk\u00f3dovan\u00fd n\u00e1zev napov\u00edd\u00e1, hraje revivaly song\u016f, kter\u00e9 se jeho \u010dlen\u016fm l\u00edb\u00ed a to rozhodn\u011b nejen v &hellip; <a href=\"https:\/\/the-oubr.cz\/?page_id=2\">Cel\u00fd p\u0159\u00edsp\u011bvek <span class=\"meta-nav\">&rarr;<\/span><\/a><\/p>\n","protected":false},"author":1,"featured_media":0,"parent":0,"menu_order":1,"comment_status":"closed","ping_status":"open","template":"","meta":{"footnotes":""},"class_list":["post-2","page","type-page","status-publish","hentry"],"_links":{"self":[{"href":"https:\/\/the-oubr.cz\/index.php?rest_route=\/wp\/v2\/pages\/2","targetHints":{"allow":["GET"]}}],"collection":[{"href":"https:\/\/the-oubr.cz\/index.php?rest_route=\/wp\/v2\/pages"}],"about":[{"href":"https:\/\/the-oubr.cz\/index.php?rest_route=\/wp\/v2\/types\/page"}],"author":[{"embeddable":true,"href":"https:\/\/the-oubr.cz\/index.php?rest_route=\/wp\/v2\/users\/1"}],"replies":[{"embeddable":true,"href":"https:\/\/the-oubr.cz\/index.php?rest_route=%2Fwp%2Fv2%2Fcomments&post=2"}],"version-history":[{"count":23,"href":"https:\/\/the-oubr.cz\/index.php?rest_route=\/wp\/v2\/pages\/2\/revisions"}],"predecessor-version":[{"id":2724,"href":"https:\/\/the-oubr.cz\/index.php?rest_route=\/wp\/v2\/pages\/2\/revisions\/2724"}],"wp:attachment":[{"href":"https:\/\/the-oubr.cz\/index.php?rest_route=%2Fwp%2Fv2%2Fmedia&parent=2"}],"curies":[{"name":"wp","href":"https:\/\/api.w.org\/{rel}","templated":true}]}}