{"id":14,"date":"2012-01-20T12:29:59","date_gmt":"2012-01-20T12:29:59","guid":{"rendered":"http:\/\/test.rete.cz\/oubr\/?page_id=14"},"modified":"2024-04-03T14:45:22","modified_gmt":"2024-04-03T14:45:22","slug":"repertoar-co-hrajeme","status":"publish","type":"page","link":"https:\/\/the-oubr.cz\/?page_id=14","title":{"rendered":"Co hrajeme"},"content":{"rendered":"<p style=\"text-align: center;\">Songy, kter\u00e9 jinde na \u017eivo neusly\u0161\u00edte!<\/p>\n<p style=\"text-align: center;\">Rock\u00a0 \u2022\u00a0 Rock &#8218;n&#8216; Roll\u00a0 \u2022\u00a0 BigBeat\u00a0 \u2022\u00a0 Blues<\/p>\n<p style=\"text-align: center;\">\u2022 The Beatles \u2022 The Rolling Stones \u2022 Creedence Clearwater Revival \u2022 Queen \u2022 Eagles \u2022 Pink Floyd \u2022 Deep Purple \u2022 Midnight Oil \u2022 The Police \u2022 Kiss \u2022 BonJovi \u2022 E.L.O. etc.<\/p>\n","protected":false},"excerpt":{"rendered":"<p>Songy, kter\u00e9 jinde na \u017eivo neusly\u0161\u00edte! Rock\u00a0 \u2022\u00a0 Rock &#8218;n&#8216; Roll\u00a0 \u2022\u00a0 BigBeat\u00a0 \u2022\u00a0 Blues \u2022 The Beatles \u2022 The Rolling Stones \u2022 Creedence Clearwater Revival \u2022 Queen \u2022 Eagles \u2022 Pink Floyd \u2022 Deep Purple \u2022 Midnight Oil \u2022 &hellip; <a href=\"https:\/\/the-oubr.cz\/?page_id=14\">Cel\u00fd p\u0159\u00edsp\u011bvek <span class=\"meta-nav\">&rarr;<\/span><\/a><\/p>\n","protected":false},"author":1,"featured_media":0,"parent":0,"menu_order":5,"comment_status":"closed","ping_status":"open","template":"","meta":{"footnotes":""},"class_list":["post-14","page","type-page","status-publish","hentry"],"_links":{"self":[{"href":"https:\/\/the-oubr.cz\/index.php?rest_route=\/wp\/v2\/pages\/14","targetHints":{"allow":["GET"]}}],"collection":[{"href":"https:\/\/the-oubr.cz\/index.php?rest_route=\/wp\/v2\/pages"}],"about":[{"href":"https:\/\/the-oubr.cz\/index.php?rest_route=\/wp\/v2\/types\/page"}],"author":[{"embeddable":true,"href":"https:\/\/the-oubr.cz\/index.php?rest_route=\/wp\/v2\/users\/1"}],"replies":[{"embeddable":true,"href":"https:\/\/the-oubr.cz\/index.php?rest_route=%2Fwp%2Fv2%2Fcomments&post=14"}],"version-history":[{"count":14,"href":"https:\/\/the-oubr.cz\/index.php?rest_route=\/wp\/v2\/pages\/14\/revisions"}],"predecessor-version":[{"id":2722,"href":"https:\/\/the-oubr.cz\/index.php?rest_route=\/wp\/v2\/pages\/14\/revisions\/2722"}],"wp:attachment":[{"href":"https:\/\/the-oubr.cz\/index.php?rest_route=%2Fwp%2Fv2%2Fmedia&parent=14"}],"curies":[{"name":"wp","href":"https:\/\/api.w.org\/{rel}","templated":true}]}}